{"id":498,"date":"2025-02-18T08:47:50","date_gmt":"2025-02-18T08:47:50","guid":{"rendered":"https:\/\/mobilnibaralkemist.hr\/?page_id=498"},"modified":"2025-08-11T11:49:02","modified_gmt":"2025-08-11T11:49:02","slug":"nudimo","status":"publish","type":"page","link":"https:\/\/mobilnibaralkemist.hr\/sl\/nudimo\/","title":{"rendered":"dogodki"},"content":{"rendered":"<div ><style>#sp-ea-538 .spcollapsing { height: 0; overflow: hidden; transition-property: height;transition-duration: 300ms;}#sp-ea-538.sp-easy-accordion>.sp-ea-single {margin-bottom: 10px; border: 1px solid #e2e2e2; }#sp-ea-538.sp-easy-accordion>.sp-ea-single>.ea-header a {color: #444;}#sp-ea-538.sp-easy-accordion>.sp-ea-single>.sp-collapse>.ea-body {background: #fff; color: #444;}#sp-ea-538.sp-easy-accordion>.sp-ea-single {background: #eee;}#sp-ea-538.sp-easy-accordion>.sp-ea-single>.ea-header a .ea-expand-icon { float: left; color: #444;font-size: 16px;}<\/style><div id=\"sp_easy_accordion-1740059025\"><div id=\"sp-ea-538\" class=\"sp-ea-one sp-easy-accordion\" data-ea-active=\"ea-click\" data-ea-mode=\"vertical\" data-preloader=\"\" data-scroll-active-item=\"\" data-offset-to-scroll=\"0\"><div class=\"ea-card ea-expand sp-ea-single\"><h3 class=\"ea-header\"><a class=\"collapsed\" id=\"ea-header-5380\" role=\"button\" data-sptoggle=\"spcollapse\" data-sptarget=\"#collapse5380\" aria-controls=\"collapse5380\" href=\"#\" aria-expanded=\"true\" tabindex=\"0\"><i aria-hidden=\"true\" role=\"presentation\" class=\"ea-expand-icon eap-icon-ea-expand-minus\"><\/i> korporativne pogostitve<\/a><\/h3><div class=\"sp-collapse spcollapse collapsed show\" id=\"collapse5380\" data-parent=\"#sp-ea-538\" role=\"region\" aria-labelledby=\"ea-header-5380\"> <div class=\"ea-body\"><p>Nudimo storitve coffee breakov za sestanke in seje. \u010ce organizirate poslovno zabavo, v ponudbi imamo \u0161irok izbor brezalkoholnih in alkoholnih koktajlov ter drugih vrst pija\u010d. Pridemo s svojim mobilnim \u0161ankom in vso ostalo opremo (kozarci, skodelice, led \u2026).<\/p><\/div><\/div><\/div><div class=\"ea-card sp-ea-single\"><h3 class=\"ea-header\"><a class=\"collapsed\" id=\"ea-header-5381\" role=\"button\" data-sptoggle=\"spcollapse\" data-sptarget=\"#collapse5381\" aria-controls=\"collapse5381\" href=\"#\" aria-expanded=\"false\" tabindex=\"0\"><i aria-hidden=\"true\" role=\"presentation\" class=\"ea-expand-icon eap-icon-ea-expand-plus\"><\/i> predporo\u010dne pogostitve<\/a><\/h3><div class=\"sp-collapse spcollapse\" id=\"collapse5381\" data-parent=\"#sp-ea-538\" role=\"region\" aria-labelledby=\"ea-header-5381\"> <div class=\"ea-body\"><p>\u010ce \u017eelite obogatiti sprejem svojih gostov pred poroko, je na\u0161 mobilni \u0161ank popolnoma neodvisen od zunanje infrastrukture. Pridemo s svojimi kozarci, ledom in pija\u010dami. Na mladoporo\u010dencih je le, da izrazijo svoje \u017eelje glede vrste pija\u010de, ki jo ponujamo.<\/p><\/div><\/div><\/div><div class=\"ea-card sp-ea-single\"><h3 class=\"ea-header\"><a class=\"collapsed\" id=\"ea-header-5382\" role=\"button\" data-sptoggle=\"spcollapse\" data-sptarget=\"#collapse5382\" aria-controls=\"collapse5382\" href=\"#\" aria-expanded=\"false\" tabindex=\"0\"><i aria-hidden=\"true\" role=\"presentation\" class=\"ea-expand-icon eap-icon-ea-expand-plus\"><\/i> poro\u010dne pogostitve<\/a><\/h3><div class=\"sp-collapse spcollapse\" id=\"collapse5382\" data-parent=\"#sp-ea-538\" role=\"region\" aria-labelledby=\"ea-header-5382\"> <div class=\"ea-body\"><p>Fontana s penino (angl. champagne fountain)  ustvarja \u201cwow\u201d trenutek neposredno po poro\u010dnem obredu ali pozneje ob torti. Poro\u010dno slavje dvigne na vi\u0161jo raven tako za mladoporo\u010denca kot za vse goste.<\/p><p>Na\u0161 koktajl koti\u010dek je popoln dodatek ponudbi vsakega poro\u010dnega sprejema. Mobilni \u0161ank se prilega v vse interierje, njegova velikost pa ne zavzame preve\u010d prostora v dvorani in je enostavno dostopen vsem gostom. Koktajle, ki jih ustvarjamo, predhodno dogovorimo in oblikujemo po \u017eeljah mladoporo\u010dencev.<\/p><p>&nbsp;<\/p><\/div><\/div><\/div><div class=\"ea-card sp-ea-single\"><h3 class=\"ea-header\"><a class=\"collapsed\" id=\"ea-header-5383\" role=\"button\" data-sptoggle=\"spcollapse\" data-sptarget=\"#collapse5383\" aria-controls=\"collapse5383\" href=\"#\" aria-expanded=\"false\" tabindex=\"0\"><i aria-hidden=\"true\" role=\"presentation\" class=\"ea-expand-icon eap-icon-ea-expand-plus\"><\/i> zasebne zabave<\/a><\/h3><div class=\"sp-collapse spcollapse\" id=\"collapse5383\" data-parent=\"#sp-ea-538\" role=\"region\" aria-labelledby=\"ea-header-5383\"> <div class=\"ea-body\"><p>\u017delite, da va\u0161e praznovanje poteka v intimi va\u0161ega doma, a se hkrati \u017eelite posvetiti gostom? Dovolite, da Alkemist prevzame postre\u017ebo va\u0161ih gostov. Vse, kar morate storiti, je, da se odlo\u010dite, katera pija\u010da bo zaznamovala va\u0161e praznovanje. Ostalo je na nas.<\/p><p>Rojstni dnevi, fantov\u0161\u010dine, dekli\u0161\u010dine, obletnice\u2026<\/p><\/div><\/div><\/div><div class=\"ea-card sp-ea-single\"><h3 class=\"ea-header\"><a class=\"collapsed\" id=\"ea-header-5384\" role=\"button\" data-sptoggle=\"spcollapse\" data-sptarget=\"#collapse5384\" aria-controls=\"collapse5384\" href=\"#\" aria-expanded=\"false\" tabindex=\"0\"><i aria-hidden=\"true\" role=\"presentation\" class=\"ea-expand-icon eap-icon-ea-expand-plus\"><\/i> otro\u0161ke rojstnodnevne zabave, krsti<\/a><\/h3><div class=\"sp-collapse spcollapse\" id=\"collapse5384\" data-parent=\"#sp-ea-538\" role=\"region\" aria-labelledby=\"ea-header-5384\"> <div class=\"ea-body\"><p>Popestrite praznovanje va\u0161ega otroka z ne\u010dim novim! Za to prilo\u017enost nudimo mini pisane pala\u010dinke z razli\u010dnimi prelivi in posipi. Za dodatno zabavo \u2013 tu je tudi bubble tea, sve\u017ee iztisnjeni sokovi ter druga pija\u010da za odrasle goste. Naj se zabava pri\u010dne!<\/p><p>&nbsp;<\/p><\/div><\/div><\/div><div class=\"ea-card sp-ea-single\"><h3 class=\"ea-header\"><a class=\"collapsed\" id=\"ea-header-5385\" role=\"button\" data-sptoggle=\"spcollapse\" data-sptarget=\"#collapse5385\" aria-controls=\"collapse5385\" href=\"#\" aria-expanded=\"false\" tabindex=\"0\"><i aria-hidden=\"true\" role=\"presentation\" class=\"ea-expand-icon eap-icon-ea-expand-plus\"><\/i> tematski ve\u010deri<\/a><\/h3><div class=\"sp-collapse spcollapse\" id=\"collapse5385\" data-parent=\"#sp-ea-538\" role=\"region\" aria-labelledby=\"ea-header-5385\"> <div class=\"ea-body\"><p>\u010ce ste strastni ljubitelj gina, tekile, viskija, konjaka ali ruma, organiziramo degustacijo po va\u0161ih \u017eeljah. Ali imate raje signature koktajle? Morda raje vina? Mogo\u010de penine? Ni problema!<\/p><p>Tematske ve\u010deri so popolne za zasebne dogodke, team buildinge ipd.<\/p><p>&nbsp;<\/p><\/div><\/div><\/div><div class=\"ea-card sp-ea-single\"><h3 class=\"ea-header\"><a class=\"collapsed\" id=\"ea-header-5386\" role=\"button\" data-sptoggle=\"spcollapse\" data-sptarget=\"#collapse5386\" aria-controls=\"collapse5386\" href=\"#\" aria-expanded=\"false\" tabindex=\"0\"><i aria-hidden=\"true\" role=\"presentation\" class=\"ea-expand-icon eap-icon-ea-expand-plus\"><\/i> najem barmana za stre\u017ebo<\/a><\/h3><div class=\"sp-collapse spcollapse\" id=\"collapse5386\" data-parent=\"#sp-ea-538\" role=\"region\" aria-labelledby=\"ea-header-5386\"> <div class=\"ea-body\"><p>\u017delite u\u017eivati med va\u0161im praznovanjem? Dovolite, da na\u0161 barman prevzame breme gostitelja! Na vas je le, da u\u017eivate s svojimi gosti.<\/p><p>Gostinci!<\/p><p>\u010ce v va\u0161em gostinskem lokalu organizirate poseben dogodek in potrebujete natakarja oz. barmana, bomo z veseljem s svojim znanjem in izku\u0161njami prispevali h kakovosti storitve va\u0161ega lokala.<\/p><\/div><\/div><\/div><\/div><\/div><\/div>\n\n\n<figure class=\"wp-block-image size-large\"><img loading=\"lazy\" decoding=\"async\" width=\"1024\" height=\"962\" src=\"https:\/\/mobilnibaralkemist.hr\/wp-content\/uploads\/2025\/08\/sank-1024x962.jpg\" alt=\"\" class=\"wp-image-944\" srcset=\"https:\/\/mobilnibaralkemist.hr\/wp-content\/uploads\/2025\/08\/sank-1024x962.jpg 1024w, https:\/\/mobilnibaralkemist.hr\/wp-content\/uploads\/2025\/08\/sank-300x282.jpg 300w, https:\/\/mobilnibaralkemist.hr\/wp-content\/uploads\/2025\/08\/sank-768x721.jpg 768w, https:\/\/mobilnibaralkemist.hr\/wp-content\/uploads\/2025\/08\/sank-1536x1443.jpg 1536w, https:\/\/mobilnibaralkemist.hr\/wp-content\/uploads\/2025\/08\/sank.jpg 1634w\" sizes=\"auto, (max-width: 767px) 89vw, (max-width: 1000px) 54vw, (max-width: 1071px) 543px, 580px\" \/><figcaption class=\"wp-element-caption\">Na\u0161 mobilni \u0161ank<\/figcaption><\/figure>","protected":false},"excerpt":{"rendered":"","protected":false},"author":1,"featured_media":0,"parent":0,"menu_order":0,"comment_status":"closed","ping_status":"closed","template":"","meta":{"footnotes":""},"class_list":["post-498","page","type-page","status-publish","hentry"],"aioseo_notices":[],"yoast_head":"<!-- This site is optimized with the Yoast SEO plugin v26.8 - https:\/\/yoast.com\/product\/yoast-seo-wordpress\/ -->\n<title>eventi - Mobilni BAR ALKEMIST<\/title>\n<meta name=\"description\" content=\"Mobilni bar za sve prilike - kokteli, viskiji, mocktaili, konjaci i ostala pi\u0107a kao i vrhunske barmenske usluge na va\u0161em doga\u0111aju.\" \/>\n<meta name=\"robots\" content=\"index, follow, max-snippet:-1, max-image-preview:large, max-video-preview:-1\" \/>\n<link rel=\"canonical\" href=\"https:\/\/mobilnibaralkemist.hr\/sl\/nudimo\/\" \/>\n<meta property=\"og:locale\" content=\"sl_SI\" \/>\n<meta property=\"og:type\" content=\"article\" \/>\n<meta property=\"og:title\" content=\"eventi - Mobilni BAR ALKEMIST\" \/>\n<meta property=\"og:description\" content=\"Mobilni bar za sve prilike - kokteli, viskiji, mocktaili, konjaci i ostala pi\u0107a kao i vrhunske barmenske usluge na va\u0161em doga\u0111aju.\" \/>\n<meta property=\"og:url\" content=\"https:\/\/mobilnibaralkemist.hr\/sl\/nudimo\/\" \/>\n<meta property=\"og:site_name\" content=\"Mobilni BAR ALKEMIST\" \/>\n<meta property=\"article:publisher\" content=\"https:\/\/www.facebook.com\/profile.php?id=61571500681912\" \/>\n<meta property=\"article:modified_time\" content=\"2025-08-11T11:49:02+00:00\" \/>\n<meta property=\"og:image\" content=\"https:\/\/mobilnibaralkemist.hr\/wp-content\/uploads\/2025\/08\/sank.jpg\" \/>\n\t<meta property=\"og:image:width\" content=\"1634\" \/>\n\t<meta property=\"og:image:height\" content=\"1535\" \/>\n\t<meta property=\"og:image:type\" content=\"image\/jpeg\" \/>\n<meta name=\"twitter:card\" content=\"summary_large_image\" \/>\n<meta name=\"twitter:label1\" content=\"Est. reading time\" \/>\n\t<meta name=\"twitter:data1\" content=\"1 minuta\" \/>\n<script type=\"application\/ld+json\" class=\"yoast-schema-graph\">{\"@context\":\"https:\/\/schema.org\",\"@graph\":[{\"@type\":\"WebPage\",\"@id\":\"https:\/\/mobilnibaralkemist.hr\/nudimo\/\",\"url\":\"https:\/\/mobilnibaralkemist.hr\/nudimo\/\",\"name\":\"eventi - Mobilni BAR ALKEMIST\",\"isPartOf\":{\"@id\":\"https:\/\/mobilnibaralkemist.hr\/#website\"},\"primaryImageOfPage\":{\"@id\":\"https:\/\/mobilnibaralkemist.hr\/nudimo\/#primaryimage\"},\"image\":{\"@id\":\"https:\/\/mobilnibaralkemist.hr\/nudimo\/#primaryimage\"},\"thumbnailUrl\":\"https:\/\/mobilnibaralkemist.hr\/wp-content\/uploads\/2025\/08\/sank-1024x962.jpg\",\"datePublished\":\"2025-02-18T08:47:50+00:00\",\"dateModified\":\"2025-08-11T11:49:02+00:00\",\"description\":\"Mobilni bar za sve prilike - kokteli, viskiji, mocktaili, konjaci i ostala pi\u0107a kao i vrhunske barmenske usluge na va\u0161em doga\u0111aju.\",\"breadcrumb\":{\"@id\":\"https:\/\/mobilnibaralkemist.hr\/nudimo\/#breadcrumb\"},\"inLanguage\":\"sl-SI\",\"potentialAction\":[{\"@type\":\"ReadAction\",\"target\":[\"https:\/\/mobilnibaralkemist.hr\/nudimo\/\"]}]},{\"@type\":\"ImageObject\",\"inLanguage\":\"sl-SI\",\"@id\":\"https:\/\/mobilnibaralkemist.hr\/nudimo\/#primaryimage\",\"url\":\"https:\/\/mobilnibaralkemist.hr\/wp-content\/uploads\/2025\/08\/sank-1024x962.jpg\",\"contentUrl\":\"https:\/\/mobilnibaralkemist.hr\/wp-content\/uploads\/2025\/08\/sank-1024x962.jpg\"},{\"@type\":\"BreadcrumbList\",\"@id\":\"https:\/\/mobilnibaralkemist.hr\/nudimo\/#breadcrumb\",\"itemListElement\":[{\"@type\":\"ListItem\",\"position\":1,\"name\":\"Po\u010detna stranica\",\"item\":\"https:\/\/mobilnibaralkemist.hr\/\"},{\"@type\":\"ListItem\",\"position\":2,\"name\":\"eventi\"}]},{\"@type\":\"WebSite\",\"@id\":\"https:\/\/mobilnibaralkemist.hr\/#website\",\"url\":\"https:\/\/mobilnibaralkemist.hr\/\",\"name\":\"Mobilni BAR ALKEMIST\",\"description\":\"Va\u0161a prigoda, na\u0161 recept za nezaboravne trenutke.\",\"publisher\":{\"@id\":\"https:\/\/mobilnibaralkemist.hr\/#organization\"},\"potentialAction\":[{\"@type\":\"SearchAction\",\"target\":{\"@type\":\"EntryPoint\",\"urlTemplate\":\"https:\/\/mobilnibaralkemist.hr\/?s={search_term_string}\"},\"query-input\":{\"@type\":\"PropertyValueSpecification\",\"valueRequired\":true,\"valueName\":\"search_term_string\"}}],\"inLanguage\":\"sl-SI\"},{\"@type\":\"Organization\",\"@id\":\"https:\/\/mobilnibaralkemist.hr\/#organization\",\"name\":\"Mobilni BAR ALKEMIST\",\"url\":\"https:\/\/mobilnibaralkemist.hr\/\",\"logo\":{\"@type\":\"ImageObject\",\"inLanguage\":\"sl-SI\",\"@id\":\"https:\/\/mobilnibaralkemist.hr\/#\/schema\/logo\/image\/\",\"url\":\"https:\/\/mobilnibaralkemist.hr\/wp-content\/uploads\/2025\/02\/cropped-400JpgdpiLogo-scaled-1.jpg\",\"contentUrl\":\"https:\/\/mobilnibaralkemist.hr\/wp-content\/uploads\/2025\/02\/cropped-400JpgdpiLogo-scaled-1.jpg\",\"width\":2000,\"height\":1198,\"caption\":\"Mobilni BAR ALKEMIST\"},\"image\":{\"@id\":\"https:\/\/mobilnibaralkemist.hr\/#\/schema\/logo\/image\/\"},\"sameAs\":[\"https:\/\/www.facebook.com\/profile.php?id=61571500681912\",\"https:\/\/www.instagram.com\/mobilnibaralkemist\/\",\"https:\/\/www.tiktok.com\/@mobilni.bar.alkemist\"]}]}<\/script>\n<!-- \/ Yoast SEO plugin. -->","yoast_head_json":{"title":"eventi - Mobilni BAR ALKEMIST","description":"Mobilni bar za sve prilike - kokteli, viskiji, mocktaili, konjaci i ostala pi\u0107a kao i vrhunske barmenske usluge na va\u0161em doga\u0111aju.","robots":{"index":"index","follow":"follow","max-snippet":"max-snippet:-1","max-image-preview":"max-image-preview:large","max-video-preview":"max-video-preview:-1"},"canonical":"https:\/\/mobilnibaralkemist.hr\/sl\/nudimo\/","og_locale":"sl_SI","og_type":"article","og_title":"eventi - Mobilni BAR ALKEMIST","og_description":"Mobilni bar za sve prilike - kokteli, viskiji, mocktaili, konjaci i ostala pi\u0107a kao i vrhunske barmenske usluge na va\u0161em doga\u0111aju.","og_url":"https:\/\/mobilnibaralkemist.hr\/sl\/nudimo\/","og_site_name":"Mobilni BAR ALKEMIST","article_publisher":"https:\/\/www.facebook.com\/profile.php?id=61571500681912","article_modified_time":"2025-08-11T11:49:02+00:00","og_image":[{"width":1634,"height":1535,"url":"https:\/\/mobilnibaralkemist.hr\/wp-content\/uploads\/2025\/08\/sank.jpg","type":"image\/jpeg"}],"twitter_card":"summary_large_image","twitter_misc":{"Est. reading time":"1 minuta"},"schema":{"@context":"https:\/\/schema.org","@graph":[{"@type":"WebPage","@id":"https:\/\/mobilnibaralkemist.hr\/nudimo\/","url":"https:\/\/mobilnibaralkemist.hr\/nudimo\/","name":"eventi - Mobilni BAR ALKEMIST","isPartOf":{"@id":"https:\/\/mobilnibaralkemist.hr\/#website"},"primaryImageOfPage":{"@id":"https:\/\/mobilnibaralkemist.hr\/nudimo\/#primaryimage"},"image":{"@id":"https:\/\/mobilnibaralkemist.hr\/nudimo\/#primaryimage"},"thumbnailUrl":"https:\/\/mobilnibaralkemist.hr\/wp-content\/uploads\/2025\/08\/sank-1024x962.jpg","datePublished":"2025-02-18T08:47:50+00:00","dateModified":"2025-08-11T11:49:02+00:00","description":"Mobilni bar za sve prilike - kokteli, viskiji, mocktaili, konjaci i ostala pi\u0107a kao i vrhunske barmenske usluge na va\u0161em doga\u0111aju.","breadcrumb":{"@id":"https:\/\/mobilnibaralkemist.hr\/nudimo\/#breadcrumb"},"inLanguage":"sl-SI","potentialAction":[{"@type":"ReadAction","target":["https:\/\/mobilnibaralkemist.hr\/nudimo\/"]}]},{"@type":"ImageObject","inLanguage":"sl-SI","@id":"https:\/\/mobilnibaralkemist.hr\/nudimo\/#primaryimage","url":"https:\/\/mobilnibaralkemist.hr\/wp-content\/uploads\/2025\/08\/sank-1024x962.jpg","contentUrl":"https:\/\/mobilnibaralkemist.hr\/wp-content\/uploads\/2025\/08\/sank-1024x962.jpg"},{"@type":"BreadcrumbList","@id":"https:\/\/mobilnibaralkemist.hr\/nudimo\/#breadcrumb","itemListElement":[{"@type":"ListItem","position":1,"name":"Po\u010detna stranica","item":"https:\/\/mobilnibaralkemist.hr\/"},{"@type":"ListItem","position":2,"name":"eventi"}]},{"@type":"WebSite","@id":"https:\/\/mobilnibaralkemist.hr\/#website","url":"https:\/\/mobilnibaralkemist.hr\/","name":"Mobilni BAR ALKEMIST","description":"Va\u0161a prilo\u017enost, na\u0161 recept za nepozabne trenutke.","publisher":{"@id":"https:\/\/mobilnibaralkemist.hr\/#organization"},"potentialAction":[{"@type":"SearchAction","target":{"@type":"EntryPoint","urlTemplate":"https:\/\/mobilnibaralkemist.hr\/?s={search_term_string}"},"query-input":{"@type":"PropertyValueSpecification","valueRequired":true,"valueName":"search_term_string"}}],"inLanguage":"sl-SI"},{"@type":"Organization","@id":"https:\/\/mobilnibaralkemist.hr\/#organization","name":"Mobilni BAR ALKEMIST","url":"https:\/\/mobilnibaralkemist.hr\/","logo":{"@type":"ImageObject","inLanguage":"sl-SI","@id":"https:\/\/mobilnibaralkemist.hr\/#\/schema\/logo\/image\/","url":"https:\/\/mobilnibaralkemist.hr\/wp-content\/uploads\/2025\/02\/cropped-400JpgdpiLogo-scaled-1.jpg","contentUrl":"https:\/\/mobilnibaralkemist.hr\/wp-content\/uploads\/2025\/02\/cropped-400JpgdpiLogo-scaled-1.jpg","width":2000,"height":1198,"caption":"Mobilni BAR ALKEMIST"},"image":{"@id":"https:\/\/mobilnibaralkemist.hr\/#\/schema\/logo\/image\/"},"sameAs":["https:\/\/www.facebook.com\/profile.php?id=61571500681912","https:\/\/www.instagram.com\/mobilnibaralkemist\/","https:\/\/www.tiktok.com\/@mobilni.bar.alkemist"]}]}},"_links":{"self":[{"href":"https:\/\/mobilnibaralkemist.hr\/sl\/wp-json\/wp\/v2\/pages\/498","targetHints":{"allow":["GET"]}}],"collection":[{"href":"https:\/\/mobilnibaralkemist.hr\/sl\/wp-json\/wp\/v2\/pages"}],"about":[{"href":"https:\/\/mobilnibaralkemist.hr\/sl\/wp-json\/wp\/v2\/types\/page"}],"author":[{"embeddable":true,"href":"https:\/\/mobilnibaralkemist.hr\/sl\/wp-json\/wp\/v2\/users\/1"}],"replies":[{"embeddable":true,"href":"https:\/\/mobilnibaralkemist.hr\/sl\/wp-json\/wp\/v2\/comments?post=498"}],"version-history":[{"count":0,"href":"https:\/\/mobilnibaralkemist.hr\/sl\/wp-json\/wp\/v2\/pages\/498\/revisions"}],"wp:attachment":[{"href":"https:\/\/mobilnibaralkemist.hr\/sl\/wp-json\/wp\/v2\/media?parent=498"}],"curies":[{"name":"wp","href":"https:\/\/api.w.org\/{rel}","templated":true}]}}