{"id":857,"date":"2025-08-07T20:30:31","date_gmt":"2025-08-07T20:30:31","guid":{"rendered":"https:\/\/mobilnibaralkemist.hr\/?page_id=857"},"modified":"2026-02-24T15:08:13","modified_gmt":"2026-02-24T15:08:13","slug":"ponuda-2","status":"publish","type":"page","link":"https:\/\/mobilnibaralkemist.hr\/sl\/ponuda-2\/","title":{"rendered":"ponudba"},"content":{"rendered":"<div class=\"wp-block-columns is-layout-flex wp-container-core-columns-is-layout-1 wp-block-columns-is-layout-flex\">\n<div class=\"wp-block-column is-layout-flow wp-block-column-is-layout-flow\">\n<h2 class=\"wp-block-heading\">signature i klasi\u010dni kokteli<\/h2>\n\n\n\n<h2 class=\"wp-block-heading\">ostala alkoholna i bezalkoholna pi\u0107a<\/h2>\n\n\n\n<h2 class=\"wp-block-heading\">champagne piramida<\/h2>\n\n\n\n<h2 class=\"wp-block-heading\">coffee break paket<\/h2>\n\n\n\n<h2 class=\"wp-block-heading\">bubble tea, mini pala\u010dinke<\/h2>\n\n\n\n<h2 class=\"wp-block-heading\">usluga poslu\u017eivanja hrane i pi\u0107a<\/h2>\n\n\n\n<figure class=\"wp-block-gallery has-nested-images columns-default is-cropped wp-block-gallery-1 is-layout-flex wp-block-gallery-is-layout-flex\"><\/figure>\n\n\n\n<figure class=\"wp-block-image size-large\"><img loading=\"lazy\" decoding=\"async\" width=\"713\" height=\"1024\" src=\"https:\/\/mobilnibaralkemist.hr\/wp-content\/uploads\/2025\/08\/3-1-713x1024.jpg\" alt=\"\" class=\"wp-image-893\" srcset=\"https:\/\/mobilnibaralkemist.hr\/wp-content\/uploads\/2025\/08\/3-1-713x1024.jpg 713w, https:\/\/mobilnibaralkemist.hr\/wp-content\/uploads\/2025\/08\/3-1-209x300.jpg 209w, https:\/\/mobilnibaralkemist.hr\/wp-content\/uploads\/2025\/08\/3-1-768x1103.jpg 768w, https:\/\/mobilnibaralkemist.hr\/wp-content\/uploads\/2025\/08\/3-1-1070x1536.jpg 1070w, https:\/\/mobilnibaralkemist.hr\/wp-content\/uploads\/2025\/08\/3-1-1426x2048.jpg 1426w, https:\/\/mobilnibaralkemist.hr\/wp-content\/uploads\/2025\/08\/3-1-scaled.jpg 1783w\" sizes=\"auto, (max-width: 713px) 100vw, 713px\" \/><\/figure>\n<\/div>\n<\/div>\n\n\n\n\n\n<div class=\"wp-block-group is-layout-grid wp-container-core-group-is-layout-1 wp-block-group-is-layout-grid\"><\/div>\n\n\n\n<div class=\"wp-block-group is-nowrap is-layout-flex wp-container-core-group-is-layout-2 wp-block-group-is-layout-flex\"><\/div>\n\n\n\n<p><\/p>","protected":false},"excerpt":{"rendered":"<p>signature i klasi\u010dni kokteli ostala alkoholna i bezalkoholna pi\u0107a champagne piramida coffee break paket bubble tea, mini pala\u010dinke usluga poslu\u017eivanja hrane i pi\u0107a<\/p>","protected":false},"author":1,"featured_media":0,"parent":0,"menu_order":0,"comment_status":"closed","ping_status":"closed","template":"","meta":{"footnotes":""},"class_list":["post-857","page","type-page","status-publish","hentry"],"aioseo_notices":[],"yoast_head":"<!-- This site is optimized with the Yoast SEO plugin v26.8 - https:\/\/yoast.com\/product\/yoast-seo-wordpress\/ -->\n<title>ponuda - Mobilni BAR ALKEMIST<\/title>\n<meta name=\"robots\" content=\"index, follow, max-snippet:-1, max-image-preview:large, max-video-preview:-1\" \/>\n<link rel=\"canonical\" href=\"https:\/\/mobilnibaralkemist.hr\/sl\/ponuda-2\/\" \/>\n<meta property=\"og:locale\" content=\"sl_SI\" \/>\n<meta property=\"og:type\" content=\"article\" \/>\n<meta property=\"og:title\" content=\"ponuda - Mobilni BAR ALKEMIST\" \/>\n<meta property=\"og:description\" content=\"signature i klasi\u010dni kokteli ostala alkoholna i bezalkoholna pi\u0107a champagne piramida coffee break paket bubble tea, mini pala\u010dinke usluga poslu\u017eivanja hrane i pi\u0107a\" \/>\n<meta property=\"og:url\" content=\"https:\/\/mobilnibaralkemist.hr\/sl\/ponuda-2\/\" \/>\n<meta property=\"og:site_name\" content=\"Mobilni BAR ALKEMIST\" \/>\n<meta property=\"article:publisher\" content=\"https:\/\/www.facebook.com\/profile.php?id=61571500681912\" \/>\n<meta property=\"article:modified_time\" content=\"2026-02-24T15:08:13+00:00\" \/>\n<meta property=\"og:image\" content=\"https:\/\/mobilnibaralkemist.hr\/wp-content\/uploads\/2025\/08\/3-1-scaled.jpg\" \/>\n\t<meta property=\"og:image:width\" content=\"1783\" \/>\n\t<meta property=\"og:image:height\" content=\"2560\" \/>\n\t<meta property=\"og:image:type\" content=\"image\/jpeg\" \/>\n<meta name=\"twitter:card\" content=\"summary_large_image\" \/>\n<meta name=\"twitter:label1\" content=\"Est. reading time\" \/>\n\t<meta name=\"twitter:data1\" content=\"1 minuta\" \/>\n<script type=\"application\/ld+json\" class=\"yoast-schema-graph\">{\"@context\":\"https:\/\/schema.org\",\"@graph\":[{\"@type\":\"WebPage\",\"@id\":\"https:\/\/mobilnibaralkemist.hr\/ponuda-2\/\",\"url\":\"https:\/\/mobilnibaralkemist.hr\/ponuda-2\/\",\"name\":\"ponuda - Mobilni BAR ALKEMIST\",\"isPartOf\":{\"@id\":\"https:\/\/mobilnibaralkemist.hr\/#website\"},\"primaryImageOfPage\":{\"@id\":\"https:\/\/mobilnibaralkemist.hr\/ponuda-2\/#primaryimage\"},\"image\":{\"@id\":\"https:\/\/mobilnibaralkemist.hr\/ponuda-2\/#primaryimage\"},\"thumbnailUrl\":\"https:\/\/mobilnibaralkemist.hr\/wp-content\/uploads\/2025\/08\/3-1-713x1024.jpg\",\"datePublished\":\"2025-08-07T20:30:31+00:00\",\"dateModified\":\"2026-02-24T15:08:13+00:00\",\"breadcrumb\":{\"@id\":\"https:\/\/mobilnibaralkemist.hr\/ponuda-2\/#breadcrumb\"},\"inLanguage\":\"sl-SI\",\"potentialAction\":[{\"@type\":\"ReadAction\",\"target\":[\"https:\/\/mobilnibaralkemist.hr\/ponuda-2\/\"]}]},{\"@type\":\"ImageObject\",\"inLanguage\":\"sl-SI\",\"@id\":\"https:\/\/mobilnibaralkemist.hr\/ponuda-2\/#primaryimage\",\"url\":\"https:\/\/mobilnibaralkemist.hr\/wp-content\/uploads\/2025\/08\/3-1-713x1024.jpg\",\"contentUrl\":\"https:\/\/mobilnibaralkemist.hr\/wp-content\/uploads\/2025\/08\/3-1-713x1024.jpg\"},{\"@type\":\"BreadcrumbList\",\"@id\":\"https:\/\/mobilnibaralkemist.hr\/ponuda-2\/#breadcrumb\",\"itemListElement\":[{\"@type\":\"ListItem\",\"position\":1,\"name\":\"Po\u010detna stranica\",\"item\":\"https:\/\/mobilnibaralkemist.hr\/\"},{\"@type\":\"ListItem\",\"position\":2,\"name\":\"ponuda\"}]},{\"@type\":\"WebSite\",\"@id\":\"https:\/\/mobilnibaralkemist.hr\/#website\",\"url\":\"https:\/\/mobilnibaralkemist.hr\/\",\"name\":\"Mobilni BAR ALKEMIST\",\"description\":\"Va\u0161a prigoda, na\u0161 recept za nezaboravne trenutke.\",\"publisher\":{\"@id\":\"https:\/\/mobilnibaralkemist.hr\/#organization\"},\"potentialAction\":[{\"@type\":\"SearchAction\",\"target\":{\"@type\":\"EntryPoint\",\"urlTemplate\":\"https:\/\/mobilnibaralkemist.hr\/?s={search_term_string}\"},\"query-input\":{\"@type\":\"PropertyValueSpecification\",\"valueRequired\":true,\"valueName\":\"search_term_string\"}}],\"inLanguage\":\"sl-SI\"},{\"@type\":\"Organization\",\"@id\":\"https:\/\/mobilnibaralkemist.hr\/#organization\",\"name\":\"Mobilni BAR ALKEMIST\",\"url\":\"https:\/\/mobilnibaralkemist.hr\/\",\"logo\":{\"@type\":\"ImageObject\",\"inLanguage\":\"sl-SI\",\"@id\":\"https:\/\/mobilnibaralkemist.hr\/#\/schema\/logo\/image\/\",\"url\":\"https:\/\/mobilnibaralkemist.hr\/wp-content\/uploads\/2025\/02\/cropped-400JpgdpiLogo-scaled-1.jpg\",\"contentUrl\":\"https:\/\/mobilnibaralkemist.hr\/wp-content\/uploads\/2025\/02\/cropped-400JpgdpiLogo-scaled-1.jpg\",\"width\":2000,\"height\":1198,\"caption\":\"Mobilni BAR ALKEMIST\"},\"image\":{\"@id\":\"https:\/\/mobilnibaralkemist.hr\/#\/schema\/logo\/image\/\"},\"sameAs\":[\"https:\/\/www.facebook.com\/profile.php?id=61571500681912\",\"https:\/\/www.instagram.com\/mobilnibaralkemist\/\",\"https:\/\/www.tiktok.com\/@mobilni.bar.alkemist\"]}]}<\/script>\n<!-- \/ Yoast SEO plugin. -->","yoast_head_json":{"title":"ponuda - Mobilni BAR ALKEMIST","robots":{"index":"index","follow":"follow","max-snippet":"max-snippet:-1","max-image-preview":"max-image-preview:large","max-video-preview":"max-video-preview:-1"},"canonical":"https:\/\/mobilnibaralkemist.hr\/sl\/ponuda-2\/","og_locale":"sl_SI","og_type":"article","og_title":"ponuda - Mobilni BAR ALKEMIST","og_description":"signature i klasi\u010dni kokteli ostala alkoholna i bezalkoholna pi\u0107a champagne piramida coffee break paket bubble tea, mini pala\u010dinke usluga poslu\u017eivanja hrane i pi\u0107a","og_url":"https:\/\/mobilnibaralkemist.hr\/sl\/ponuda-2\/","og_site_name":"Mobilni BAR ALKEMIST","article_publisher":"https:\/\/www.facebook.com\/profile.php?id=61571500681912","article_modified_time":"2026-02-24T15:08:13+00:00","og_image":[{"width":1783,"height":2560,"url":"https:\/\/mobilnibaralkemist.hr\/wp-content\/uploads\/2025\/08\/3-1-scaled.jpg","type":"image\/jpeg"}],"twitter_card":"summary_large_image","twitter_misc":{"Est. reading time":"1 minuta"},"schema":{"@context":"https:\/\/schema.org","@graph":[{"@type":"WebPage","@id":"https:\/\/mobilnibaralkemist.hr\/ponuda-2\/","url":"https:\/\/mobilnibaralkemist.hr\/ponuda-2\/","name":"ponuda - Mobilni BAR ALKEMIST","isPartOf":{"@id":"https:\/\/mobilnibaralkemist.hr\/#website"},"primaryImageOfPage":{"@id":"https:\/\/mobilnibaralkemist.hr\/ponuda-2\/#primaryimage"},"image":{"@id":"https:\/\/mobilnibaralkemist.hr\/ponuda-2\/#primaryimage"},"thumbnailUrl":"https:\/\/mobilnibaralkemist.hr\/wp-content\/uploads\/2025\/08\/3-1-713x1024.jpg","datePublished":"2025-08-07T20:30:31+00:00","dateModified":"2026-02-24T15:08:13+00:00","breadcrumb":{"@id":"https:\/\/mobilnibaralkemist.hr\/ponuda-2\/#breadcrumb"},"inLanguage":"sl-SI","potentialAction":[{"@type":"ReadAction","target":["https:\/\/mobilnibaralkemist.hr\/ponuda-2\/"]}]},{"@type":"ImageObject","inLanguage":"sl-SI","@id":"https:\/\/mobilnibaralkemist.hr\/ponuda-2\/#primaryimage","url":"https:\/\/mobilnibaralkemist.hr\/wp-content\/uploads\/2025\/08\/3-1-713x1024.jpg","contentUrl":"https:\/\/mobilnibaralkemist.hr\/wp-content\/uploads\/2025\/08\/3-1-713x1024.jpg"},{"@type":"BreadcrumbList","@id":"https:\/\/mobilnibaralkemist.hr\/ponuda-2\/#breadcrumb","itemListElement":[{"@type":"ListItem","position":1,"name":"Po\u010detna stranica","item":"https:\/\/mobilnibaralkemist.hr\/"},{"@type":"ListItem","position":2,"name":"ponuda"}]},{"@type":"WebSite","@id":"https:\/\/mobilnibaralkemist.hr\/#website","url":"https:\/\/mobilnibaralkemist.hr\/","name":"Mobilni BAR ALKEMIST","description":"Va\u0161a prilo\u017enost, na\u0161 recept za nepozabne trenutke.","publisher":{"@id":"https:\/\/mobilnibaralkemist.hr\/#organization"},"potentialAction":[{"@type":"SearchAction","target":{"@type":"EntryPoint","urlTemplate":"https:\/\/mobilnibaralkemist.hr\/?s={search_term_string}"},"query-input":{"@type":"PropertyValueSpecification","valueRequired":true,"valueName":"search_term_string"}}],"inLanguage":"sl-SI"},{"@type":"Organization","@id":"https:\/\/mobilnibaralkemist.hr\/#organization","name":"Mobilni BAR ALKEMIST","url":"https:\/\/mobilnibaralkemist.hr\/","logo":{"@type":"ImageObject","inLanguage":"sl-SI","@id":"https:\/\/mobilnibaralkemist.hr\/#\/schema\/logo\/image\/","url":"https:\/\/mobilnibaralkemist.hr\/wp-content\/uploads\/2025\/02\/cropped-400JpgdpiLogo-scaled-1.jpg","contentUrl":"https:\/\/mobilnibaralkemist.hr\/wp-content\/uploads\/2025\/02\/cropped-400JpgdpiLogo-scaled-1.jpg","width":2000,"height":1198,"caption":"Mobilni BAR ALKEMIST"},"image":{"@id":"https:\/\/mobilnibaralkemist.hr\/#\/schema\/logo\/image\/"},"sameAs":["https:\/\/www.facebook.com\/profile.php?id=61571500681912","https:\/\/www.instagram.com\/mobilnibaralkemist\/","https:\/\/www.tiktok.com\/@mobilni.bar.alkemist"]}]}},"_links":{"self":[{"href":"https:\/\/mobilnibaralkemist.hr\/sl\/wp-json\/wp\/v2\/pages\/857","targetHints":{"allow":["GET"]}}],"collection":[{"href":"https:\/\/mobilnibaralkemist.hr\/sl\/wp-json\/wp\/v2\/pages"}],"about":[{"href":"https:\/\/mobilnibaralkemist.hr\/sl\/wp-json\/wp\/v2\/types\/page"}],"author":[{"embeddable":true,"href":"https:\/\/mobilnibaralkemist.hr\/sl\/wp-json\/wp\/v2\/users\/1"}],"replies":[{"embeddable":true,"href":"https:\/\/mobilnibaralkemist.hr\/sl\/wp-json\/wp\/v2\/comments?post=857"}],"version-history":[{"count":0,"href":"https:\/\/mobilnibaralkemist.hr\/sl\/wp-json\/wp\/v2\/pages\/857\/revisions"}],"wp:attachment":[{"href":"https:\/\/mobilnibaralkemist.hr\/sl\/wp-json\/wp\/v2\/media?parent=857"}],"curies":[{"name":"wp","href":"https:\/\/api.w.org\/{rel}","templated":true}]}}