{"id":862,"date":"2025-08-07T20:38:46","date_gmt":"2025-08-07T20:38:46","guid":{"rendered":"https:\/\/mobilnibaralkemist.hr\/?page_id=862"},"modified":"2026-01-13T12:13:13","modified_gmt":"2026-01-13T12:13:13","slug":"tematske-veceri","status":"publish","type":"page","link":"https:\/\/mobilnibaralkemist.hr\/sl\/tematske-veceri\/","title":{"rendered":"tematski ve\u010deri"},"content":{"rendered":"<h2 class=\"wp-block-heading\">gin &amp; tonic<\/h2>\n\n\n\n<h2 class=\"wp-block-heading\">tequilla &amp; mezcal<\/h2>\n\n\n\n<h2 class=\"wp-block-heading\">viski in cigare<\/h2>\n\n\n\n<h2 class=\"wp-block-heading\">rum in cigare<\/h2>\n\n\n\n<h2 class=\"wp-block-heading\">konjak in cigare<\/h2>\n\n\n\n<h2 class=\"wp-block-heading\">degustacija vin<\/h2>\n\n\n\n<h2 class=\"wp-block-heading\">degustacija penin<\/h2>\n\n\n\n<figure class=\"wp-block-image size-large\"><img loading=\"lazy\" decoding=\"async\" width=\"1024\" height=\"1024\" src=\"https:\/\/mobilnibaralkemist.hr\/wp-content\/uploads\/2025\/08\/konjak-1024x1024.jpg\" alt=\"\" class=\"wp-image-884\" srcset=\"https:\/\/mobilnibaralkemist.hr\/wp-content\/uploads\/2025\/08\/konjak-1024x1024.jpg 1024w, https:\/\/mobilnibaralkemist.hr\/wp-content\/uploads\/2025\/08\/konjak-300x300.jpg 300w, https:\/\/mobilnibaralkemist.hr\/wp-content\/uploads\/2025\/08\/konjak-150x150.jpg 150w, https:\/\/mobilnibaralkemist.hr\/wp-content\/uploads\/2025\/08\/konjak-768x768.jpg 768w, https:\/\/mobilnibaralkemist.hr\/wp-content\/uploads\/2025\/08\/konjak-100x100.jpg 100w, https:\/\/mobilnibaralkemist.hr\/wp-content\/uploads\/2025\/08\/konjak.jpg 1120w\" sizes=\"auto, (max-width: 767px) 89vw, (max-width: 1000px) 54vw, (max-width: 1071px) 543px, 580px\" \/><figcaption class=\"wp-element-caption\">degustacija viskijev<\/figcaption><\/figure>","protected":false},"excerpt":{"rendered":"<p>gin &amp; tonic tequilla &amp; mezcal viski i cigare rum i cigare konjak i cigare degustacija vina degustacija pjenu\u0161ca<\/p>","protected":false},"author":1,"featured_media":0,"parent":0,"menu_order":0,"comment_status":"closed","ping_status":"closed","template":"","meta":{"footnotes":""},"class_list":["post-862","page","type-page","status-publish","hentry"],"aioseo_notices":[],"yoast_head":"<!-- This site is optimized with the Yoast SEO plugin v26.8 - https:\/\/yoast.com\/product\/yoast-seo-wordpress\/ -->\n<title>tematske ve\u010deri - Mobilni BAR ALKEMIST<\/title>\n<meta name=\"robots\" content=\"index, follow, max-snippet:-1, max-image-preview:large, max-video-preview:-1\" \/>\n<link rel=\"canonical\" href=\"https:\/\/mobilnibaralkemist.hr\/sl\/tematske-veceri\/\" \/>\n<meta property=\"og:locale\" content=\"sl_SI\" \/>\n<meta property=\"og:type\" content=\"article\" \/>\n<meta property=\"og:title\" content=\"tematske ve\u010deri - Mobilni BAR ALKEMIST\" \/>\n<meta property=\"og:description\" content=\"gin &amp; tonic tequilla &amp; mezcal viski i cigare rum i cigare konjak i cigare degustacija vina degustacija pjenu\u0161ca\" \/>\n<meta property=\"og:url\" content=\"https:\/\/mobilnibaralkemist.hr\/sl\/tematske-veceri\/\" \/>\n<meta property=\"og:site_name\" content=\"Mobilni BAR ALKEMIST\" \/>\n<meta property=\"article:publisher\" content=\"https:\/\/www.facebook.com\/profile.php?id=61571500681912\" \/>\n<meta property=\"article:modified_time\" content=\"2026-01-13T12:13:13+00:00\" \/>\n<meta property=\"og:image\" content=\"https:\/\/mobilnibaralkemist.hr\/wp-content\/uploads\/2025\/08\/konjak.jpg\" \/>\n\t<meta property=\"og:image:width\" content=\"1120\" \/>\n\t<meta property=\"og:image:height\" content=\"1120\" \/>\n\t<meta property=\"og:image:type\" content=\"image\/jpeg\" \/>\n<meta name=\"twitter:card\" content=\"summary_large_image\" \/>\n<meta name=\"twitter:label1\" content=\"Est. reading time\" \/>\n\t<meta name=\"twitter:data1\" content=\"1 minuta\" \/>\n<script type=\"application\/ld+json\" class=\"yoast-schema-graph\">{\"@context\":\"https:\/\/schema.org\",\"@graph\":[{\"@type\":\"WebPage\",\"@id\":\"https:\/\/mobilnibaralkemist.hr\/tematske-veceri\/\",\"url\":\"https:\/\/mobilnibaralkemist.hr\/tematske-veceri\/\",\"name\":\"tematske ve\u010deri - Mobilni BAR ALKEMIST\",\"isPartOf\":{\"@id\":\"https:\/\/mobilnibaralkemist.hr\/#website\"},\"primaryImageOfPage\":{\"@id\":\"https:\/\/mobilnibaralkemist.hr\/tematske-veceri\/#primaryimage\"},\"image\":{\"@id\":\"https:\/\/mobilnibaralkemist.hr\/tematske-veceri\/#primaryimage\"},\"thumbnailUrl\":\"https:\/\/mobilnibaralkemist.hr\/wp-content\/uploads\/2025\/08\/konjak-1024x1024.jpg\",\"datePublished\":\"2025-08-07T20:38:46+00:00\",\"dateModified\":\"2026-01-13T12:13:13+00:00\",\"breadcrumb\":{\"@id\":\"https:\/\/mobilnibaralkemist.hr\/tematske-veceri\/#breadcrumb\"},\"inLanguage\":\"sl-SI\",\"potentialAction\":[{\"@type\":\"ReadAction\",\"target\":[\"https:\/\/mobilnibaralkemist.hr\/tematske-veceri\/\"]}]},{\"@type\":\"ImageObject\",\"inLanguage\":\"sl-SI\",\"@id\":\"https:\/\/mobilnibaralkemist.hr\/tematske-veceri\/#primaryimage\",\"url\":\"https:\/\/mobilnibaralkemist.hr\/wp-content\/uploads\/2025\/08\/konjak-1024x1024.jpg\",\"contentUrl\":\"https:\/\/mobilnibaralkemist.hr\/wp-content\/uploads\/2025\/08\/konjak-1024x1024.jpg\"},{\"@type\":\"BreadcrumbList\",\"@id\":\"https:\/\/mobilnibaralkemist.hr\/tematske-veceri\/#breadcrumb\",\"itemListElement\":[{\"@type\":\"ListItem\",\"position\":1,\"name\":\"Po\u010detna stranica\",\"item\":\"https:\/\/mobilnibaralkemist.hr\/\"},{\"@type\":\"ListItem\",\"position\":2,\"name\":\"tematske ve\u010deri\"}]},{\"@type\":\"WebSite\",\"@id\":\"https:\/\/mobilnibaralkemist.hr\/#website\",\"url\":\"https:\/\/mobilnibaralkemist.hr\/\",\"name\":\"Mobilni BAR ALKEMIST\",\"description\":\"Va\u0161a prigoda, na\u0161 recept za nezaboravne trenutke.\",\"publisher\":{\"@id\":\"https:\/\/mobilnibaralkemist.hr\/#organization\"},\"potentialAction\":[{\"@type\":\"SearchAction\",\"target\":{\"@type\":\"EntryPoint\",\"urlTemplate\":\"https:\/\/mobilnibaralkemist.hr\/?s={search_term_string}\"},\"query-input\":{\"@type\":\"PropertyValueSpecification\",\"valueRequired\":true,\"valueName\":\"search_term_string\"}}],\"inLanguage\":\"sl-SI\"},{\"@type\":\"Organization\",\"@id\":\"https:\/\/mobilnibaralkemist.hr\/#organization\",\"name\":\"Mobilni BAR ALKEMIST\",\"url\":\"https:\/\/mobilnibaralkemist.hr\/\",\"logo\":{\"@type\":\"ImageObject\",\"inLanguage\":\"sl-SI\",\"@id\":\"https:\/\/mobilnibaralkemist.hr\/#\/schema\/logo\/image\/\",\"url\":\"https:\/\/mobilnibaralkemist.hr\/wp-content\/uploads\/2025\/02\/cropped-400JpgdpiLogo-scaled-1.jpg\",\"contentUrl\":\"https:\/\/mobilnibaralkemist.hr\/wp-content\/uploads\/2025\/02\/cropped-400JpgdpiLogo-scaled-1.jpg\",\"width\":2000,\"height\":1198,\"caption\":\"Mobilni BAR ALKEMIST\"},\"image\":{\"@id\":\"https:\/\/mobilnibaralkemist.hr\/#\/schema\/logo\/image\/\"},\"sameAs\":[\"https:\/\/www.facebook.com\/profile.php?id=61571500681912\",\"https:\/\/www.instagram.com\/mobilnibaralkemist\/\",\"https:\/\/www.tiktok.com\/@mobilni.bar.alkemist\"]}]}<\/script>\n<!-- \/ Yoast SEO plugin. -->","yoast_head_json":{"title":"tematske ve\u010deri - Mobilni BAR ALKEMIST","robots":{"index":"index","follow":"follow","max-snippet":"max-snippet:-1","max-image-preview":"max-image-preview:large","max-video-preview":"max-video-preview:-1"},"canonical":"https:\/\/mobilnibaralkemist.hr\/sl\/tematske-veceri\/","og_locale":"sl_SI","og_type":"article","og_title":"tematske ve\u010deri - Mobilni BAR ALKEMIST","og_description":"gin &amp; tonic tequilla &amp; mezcal viski i cigare rum i cigare konjak i cigare degustacija vina degustacija pjenu\u0161ca","og_url":"https:\/\/mobilnibaralkemist.hr\/sl\/tematske-veceri\/","og_site_name":"Mobilni BAR ALKEMIST","article_publisher":"https:\/\/www.facebook.com\/profile.php?id=61571500681912","article_modified_time":"2026-01-13T12:13:13+00:00","og_image":[{"width":1120,"height":1120,"url":"https:\/\/mobilnibaralkemist.hr\/wp-content\/uploads\/2025\/08\/konjak.jpg","type":"image\/jpeg"}],"twitter_card":"summary_large_image","twitter_misc":{"Est. reading time":"1 minuta"},"schema":{"@context":"https:\/\/schema.org","@graph":[{"@type":"WebPage","@id":"https:\/\/mobilnibaralkemist.hr\/tematske-veceri\/","url":"https:\/\/mobilnibaralkemist.hr\/tematske-veceri\/","name":"tematske ve\u010deri - Mobilni BAR ALKEMIST","isPartOf":{"@id":"https:\/\/mobilnibaralkemist.hr\/#website"},"primaryImageOfPage":{"@id":"https:\/\/mobilnibaralkemist.hr\/tematske-veceri\/#primaryimage"},"image":{"@id":"https:\/\/mobilnibaralkemist.hr\/tematske-veceri\/#primaryimage"},"thumbnailUrl":"https:\/\/mobilnibaralkemist.hr\/wp-content\/uploads\/2025\/08\/konjak-1024x1024.jpg","datePublished":"2025-08-07T20:38:46+00:00","dateModified":"2026-01-13T12:13:13+00:00","breadcrumb":{"@id":"https:\/\/mobilnibaralkemist.hr\/tematske-veceri\/#breadcrumb"},"inLanguage":"sl-SI","potentialAction":[{"@type":"ReadAction","target":["https:\/\/mobilnibaralkemist.hr\/tematske-veceri\/"]}]},{"@type":"ImageObject","inLanguage":"sl-SI","@id":"https:\/\/mobilnibaralkemist.hr\/tematske-veceri\/#primaryimage","url":"https:\/\/mobilnibaralkemist.hr\/wp-content\/uploads\/2025\/08\/konjak-1024x1024.jpg","contentUrl":"https:\/\/mobilnibaralkemist.hr\/wp-content\/uploads\/2025\/08\/konjak-1024x1024.jpg"},{"@type":"BreadcrumbList","@id":"https:\/\/mobilnibaralkemist.hr\/tematske-veceri\/#breadcrumb","itemListElement":[{"@type":"ListItem","position":1,"name":"Po\u010detna stranica","item":"https:\/\/mobilnibaralkemist.hr\/"},{"@type":"ListItem","position":2,"name":"tematske ve\u010deri"}]},{"@type":"WebSite","@id":"https:\/\/mobilnibaralkemist.hr\/#website","url":"https:\/\/mobilnibaralkemist.hr\/","name":"Mobilni BAR ALKEMIST","description":"Va\u0161a prilo\u017enost, na\u0161 recept za nepozabne trenutke.","publisher":{"@id":"https:\/\/mobilnibaralkemist.hr\/#organization"},"potentialAction":[{"@type":"SearchAction","target":{"@type":"EntryPoint","urlTemplate":"https:\/\/mobilnibaralkemist.hr\/?s={search_term_string}"},"query-input":{"@type":"PropertyValueSpecification","valueRequired":true,"valueName":"search_term_string"}}],"inLanguage":"sl-SI"},{"@type":"Organization","@id":"https:\/\/mobilnibaralkemist.hr\/#organization","name":"Mobilni BAR ALKEMIST","url":"https:\/\/mobilnibaralkemist.hr\/","logo":{"@type":"ImageObject","inLanguage":"sl-SI","@id":"https:\/\/mobilnibaralkemist.hr\/#\/schema\/logo\/image\/","url":"https:\/\/mobilnibaralkemist.hr\/wp-content\/uploads\/2025\/02\/cropped-400JpgdpiLogo-scaled-1.jpg","contentUrl":"https:\/\/mobilnibaralkemist.hr\/wp-content\/uploads\/2025\/02\/cropped-400JpgdpiLogo-scaled-1.jpg","width":2000,"height":1198,"caption":"Mobilni BAR ALKEMIST"},"image":{"@id":"https:\/\/mobilnibaralkemist.hr\/#\/schema\/logo\/image\/"},"sameAs":["https:\/\/www.facebook.com\/profile.php?id=61571500681912","https:\/\/www.instagram.com\/mobilnibaralkemist\/","https:\/\/www.tiktok.com\/@mobilni.bar.alkemist"]}]}},"_links":{"self":[{"href":"https:\/\/mobilnibaralkemist.hr\/sl\/wp-json\/wp\/v2\/pages\/862","targetHints":{"allow":["GET"]}}],"collection":[{"href":"https:\/\/mobilnibaralkemist.hr\/sl\/wp-json\/wp\/v2\/pages"}],"about":[{"href":"https:\/\/mobilnibaralkemist.hr\/sl\/wp-json\/wp\/v2\/types\/page"}],"author":[{"embeddable":true,"href":"https:\/\/mobilnibaralkemist.hr\/sl\/wp-json\/wp\/v2\/users\/1"}],"replies":[{"embeddable":true,"href":"https:\/\/mobilnibaralkemist.hr\/sl\/wp-json\/wp\/v2\/comments?post=862"}],"version-history":[{"count":0,"href":"https:\/\/mobilnibaralkemist.hr\/sl\/wp-json\/wp\/v2\/pages\/862\/revisions"}],"wp:attachment":[{"href":"https:\/\/mobilnibaralkemist.hr\/sl\/wp-json\/wp\/v2\/media?parent=862"}],"curies":[{"name":"wp","href":"https:\/\/api.w.org\/{rel}","templated":true}]}}